{"id":2,"date":"2021-06-16T10:33:31","date_gmt":"2021-06-16T10:33:31","guid":{"rendered":"https:\/\/www.coresystemtrust.org.uk\/portuguese\/?page_id=2"},"modified":"2022-03-30T07:02:48","modified_gmt":"2022-03-30T07:02:48","slug":"portuguese-subsite","status":"publish","type":"page","link":"https:\/\/www.coresystemtrust.org.uk\/portuguese-subsite\/","title":{"rendered":"Subsite do Sistema CORE em Portugu\u00eas!"},"content":{"rendered":"\n<p><strong>Agora em Portugu\u00eas&#8230;<\/strong><\/p>\n\n\n\n<p>Este \u00e9 um subsite que apresenta as informa\u00e7\u00f5es para o uso do<strong> Sistema CORE em portugu\u00eas<\/strong> (particularmente no Brasil)<\/p>\n\n\n\n<p>O CORE \u00e9 um sistema de avalia\u00e7\u00e3o de rotina dos resultados cl\u00ednicos na pr\u00e1tica de aten\u00e7\u00e3o \u00e0 sa\u00fade mental. Pode ser aplicado a qualquer tipo de interven\u00e7\u00e3o que busque aumentar o bem-estar e a sa\u00fade do indiv\u00edduo, incluindo desde abordagens como psicoterapia at\u00e9 interven\u00e7\u00f5es comunit\u00e1rias. &nbsp;<\/p>\n\n\n\n<p>O CORE-OM \u00e9 a principal ferramenta desse sistema. O instrumento foi originalmente traduzido para o Portugu\u00eas como falado em Portugal (<a href=\"https:\/\/www.scielo.br\/j\/rpc\/a\/z9pcgPKzh93vdJYjrcY93JH\/?lang=pt\">link para o artigo<\/a>). Como existem diferen\u00e7as significativas para o portugu\u00eas Brasileiro tamb\u00e9m foi publicado uma adapta\u00e7\u00e3o para essa l\u00edngua &nbsp;<a href=\"https:\/\/www.scielo.br\/j\/trends\/a\/FfBy69nXtjdtcWfJSsvJN9H\/abstract\/?lang=en\">(link para o artigo)<\/a>.<\/p>\n\n\n\n<p>Estudos que avaliam as propriedades psicom\u00e9tricas do material est\u00e3o sendo conduzidos por um grupo de pesquisadores brasileiros em parceria com o autor.&nbsp; Espera-se que a partir desses estudos o uso de Sistema CORE se amplie entre pesquisadores e profissionais dos pa\u00edses de l\u00edngua portuguesa (em todos os continentes). A vers\u00e3o em portugu\u00eas do site principal, bem como, este subsite visam divulgar as novidades do sistema CORE em pesquisa em Portugu\u00eas tanto do ponto de vista cl\u00ednico, quanto em torno de artigos cient\u00edficos. No blog temos mais algumas reflex\u00f5es sobre esses t\u00f3picos em portugu\u00eas.<\/p>\n\n\n\n<p><em>Para receber as atualiza\u00e7\u00f5es se inscreva na lista de e-mail\u00b4s na p\u00e1gina principal. Quaisquer quest\u00f5es em portugu\u00eas que n\u00e3o contempladas no site ou no subsite voc\u00ea pode encontrar aux\u00edlio me contatando pelo e-mail <\/em><a href=\"mailto:murilozibetti@unisinos.br\">murilozibetti@unisinos.br<\/a><\/p>\n\n\n\n<p>Bem vindos!<\/p>\n\n\n\n<p><\/p>\n","protected":false},"excerpt":{"rendered":"<p>Agora em Portugu\u00eas&#8230; Este \u00e9 um subsite que apresenta as informa\u00e7\u00f5es para o uso do Sistema CORE em portugu\u00eas (particularmente no Brasil) O CORE \u00e9 um sistema de avalia\u00e7\u00e3o de rotina dos resultados cl\u00ednicos na pr\u00e1tica de aten\u00e7\u00e3o \u00e0 sa\u00fade mental. Pode ser aplicado a qualquer tipo de interven\u00e7\u00e3o que busque aumentar o bem-estar e [&hellip;]<\/p>\n","protected":false},"author":37,"featured_media":0,"parent":0,"menu_order":0,"comment_status":"closed","ping_status":"closed","template":"","meta":{"site-sidebar-layout":"default","site-content-layout":"default","ast-site-content-layout":"default","site-content-style":"default","site-sidebar-style":"default","ast-global-header-display":"","ast-banner-title-visibility":"","ast-main-header-display":"","ast-hfb-above-header-display":"","ast-hfb-below-header-display":"","ast-hfb-mobile-header-display":"","site-post-title":"","ast-breadcrumbs-content":"","ast-featured-img":"","footer-sml-layout":"","ast-disable-related-posts":"","theme-transparent-header-meta":"default","adv-header-id-meta":"","stick-header-meta":"","header-above-stick-meta":"","header-main-stick-meta":"","header-below-stick-meta":"","astra-migrate-meta-layouts":"default","ast-page-background-enabled":"default","ast-page-background-meta":{"desktop":{"background-color":"","background-image":"","background-repeat":"repeat","background-position":"center center","background-size":"auto","background-attachment":"scroll","background-type":"","background-media":"","overlay-type":"","overlay-color":"","overlay-opacity":"","overlay-gradient":""},"tablet":{"background-color":"","background-image":"","background-repeat":"repeat","background-position":"center center","background-size":"auto","background-attachment":"scroll","background-type":"","background-media":"","overlay-type":"","overlay-color":"","overlay-opacity":"","overlay-gradient":""},"mobile":{"background-color":"","background-image":"","background-repeat":"repeat","background-position":"center center","background-size":"auto","background-attachment":"scroll","background-type":"","background-media":"","overlay-type":"","overlay-color":"","overlay-opacity":"","overlay-gradient":""}},"ast-content-background-meta":{"desktop":{"background-color":"var(--ast-global-color-5)","background-image":"","background-repeat":"repeat","background-position":"center center","background-size":"auto","background-attachment":"scroll","background-type":"","background-media":"","overlay-type":"","overlay-color":"","overlay-opacity":"","overlay-gradient":""},"tablet":{"background-color":"var(--ast-global-color-5)","background-image":"","background-repeat":"repeat","background-position":"center center","background-size":"auto","background-attachment":"scroll","background-type":"","background-media":"","overlay-type":"","overlay-color":"","overlay-opacity":"","overlay-gradient":""},"mobile":{"background-color":"var(--ast-global-color-5)","background-image":"","background-repeat":"repeat","background-position":"center center","background-size":"auto","background-attachment":"scroll","background-type":"","background-media":"","overlay-type":"","overlay-color":"","overlay-opacity":"","overlay-gradient":""}},"footnotes":""},"class_list":["post-2","page","type-page","status-publish","hentry"],"_links":{"self":[{"href":"https:\/\/www.coresystemtrust.org.uk\/portuguese-subsite\/wp-json\/wp\/v2\/pages\/2","targetHints":{"allow":["GET"]}}],"collection":[{"href":"https:\/\/www.coresystemtrust.org.uk\/portuguese-subsite\/wp-json\/wp\/v2\/pages"}],"about":[{"href":"https:\/\/www.coresystemtrust.org.uk\/portuguese-subsite\/wp-json\/wp\/v2\/types\/page"}],"author":[{"embeddable":true,"href":"https:\/\/www.coresystemtrust.org.uk\/portuguese-subsite\/wp-json\/wp\/v2\/users\/37"}],"replies":[{"embeddable":true,"href":"https:\/\/www.coresystemtrust.org.uk\/portuguese-subsite\/wp-json\/wp\/v2\/comments?post=2"}],"version-history":[{"count":6,"href":"https:\/\/www.coresystemtrust.org.uk\/portuguese-subsite\/wp-json\/wp\/v2\/pages\/2\/revisions"}],"predecessor-version":[{"id":113,"href":"https:\/\/www.coresystemtrust.org.uk\/portuguese-subsite\/wp-json\/wp\/v2\/pages\/2\/revisions\/113"}],"wp:attachment":[{"href":"https:\/\/www.coresystemtrust.org.uk\/portuguese-subsite\/wp-json\/wp\/v2\/media?parent=2"}],"curies":[{"name":"wp","href":"https:\/\/api.w.org\/{rel}","templated":true}]}}