{"id":34,"date":"2022-01-13T08:24:51","date_gmt":"2022-01-13T08:24:51","guid":{"rendered":"https:\/\/www.coresystemtrust.org.uk\/finnish\/?page_id=34"},"modified":"2023-08-10T08:26:39","modified_gmt":"2023-08-10T08:26:39","slug":"suomenkieliset-core-mittarit","status":"publish","type":"page","link":"https:\/\/www.coresystemtrust.org.uk\/finnish\/suomenkieliset-core-mittarit\/","title":{"rendered":"Suomenkieliset CORE-mittarit"},"content":{"rendered":"\n<p>Lataa <a href=\"https:\/\/www.coresystemtrust.org.uk\/finnish\/wp-content\/uploads\/sites\/13\/2022\/01\/CORE-OM_Finnish.pdf\">CORE-OM<\/a>.              Mittarin alkuper\u00e4inen 34-kohtainen kyselylomake. Kehitetty aikuisille, mutta soveltuu k\u00e4ytett\u00e4v\u00e4ksi ainakin 16 ik\u00e4vuodesta alkaen.<\/p>\n\n\n\n<p>Lataa <a href=\"https:\/\/www.coresystemtrust.org.uk\/finnish\/wp-content\/uploads\/sites\/13\/2022\/01\/CORE-10-Finnish.pdf\" target=\"_blank\" rel=\"noreferrer noopener\">CORE-10<\/a>.                Mittarin lyhennetty versio, joka on tarkoitettu k\u00e4ytett\u00e4v\u00e4ksi esimerkiksi istuntokohtaiseen seurantaan.<\/p>\n\n\n\n<p>Lataa <a href=\"https:\/\/www.coresystemtrust.org.uk\/finnish\/wp-content\/uploads\/sites\/13\/2022\/01\/YP-CORE_Finnish.pdf\" target=\"_blank\" rel=\"noreferrer noopener\">YP-CORE<\/a>.                Mittarin nuoruusik\u00e4isille suunnattu versio. Soveltuu k\u00e4ytett\u00e4v\u00e4ksi 11-18 vuotiaille.<\/p>\n\n\n\n<p>Lataa <a href=\"https:\/\/www.coresystemtrust.org.uk\/finnish\/wp-content\/uploads\/sites\/13\/2022\/01\/GP-CORE-Finnish.pdf\" target=\"_blank\" rel=\"noreferrer noopener\">GP-CORE<\/a>.               Mittarin 14-kohtainen yleisv\u00e4est\u00f6n hyvinvointia mittaava versio ilman riskimuuttujia. Ei vertailukelpoinen muiden CORE mittareiden kanssa. <\/p>\n\n\n\n<p><\/p>\n\n\n\n<p><\/p>\n\n\n\n<p><strong>CORE-mittareiden muut kieliversiot<\/strong><\/p>\n\n\n\n<p>CORE-OM mittarin muut hyv\u00e4ksytyt kieliversiot l\u00f6yd\u00e4t <a href=\"https:\/\/www.coresystemtrust.org.uk\/home\/copyright-licensing\/approved-translations\/approved-core-om-translations\/\" target=\"_blank\" rel=\"noreferrer noopener\">t\u00e4\u00e4lt\u00e4<\/a>. YP-CORE mittarin muut hyv\u00e4ksytyt kieliversiot l\u00f6yd\u00e4t <a href=\"https:\/\/www.coresystemtrust.org.uk\/home\/copyright-licensing\/approved-translations\/approved-yp-core-translations\/\" target=\"_blank\" rel=\"noreferrer noopener\">t\u00e4\u00e4lt\u00e4<\/a>.<\/p>\n","protected":false},"excerpt":{"rendered":"<p>Lataa CORE-OM. Mittarin alkuper\u00e4inen 34-kohtainen kyselylomake. Kehitetty aikuisille, mutta soveltuu k\u00e4ytett\u00e4v\u00e4ksi ainakin 16 ik\u00e4vuodesta alkaen. Lataa CORE-10. Mittarin lyhennetty versio, joka on tarkoitettu k\u00e4ytett\u00e4v\u00e4ksi esimerkiksi istuntokohtaiseen seurantaan. Lataa YP-CORE. Mittarin nuoruusik\u00e4isille suunnattu versio. Soveltuu k\u00e4ytett\u00e4v\u00e4ksi 11-18 vuotiaille. Lataa GP-CORE. Mittarin 14-kohtainen yleisv\u00e4est\u00f6n hyvinvointia mittaava versio ilman riskimuuttujia. Ei vertailukelpoinen muiden CORE mittareiden kanssa. CORE-mittareiden muut [&hellip;]<\/p>\n","protected":false},"author":35,"featured_media":0,"parent":0,"menu_order":0,"comment_status":"closed","ping_status":"closed","template":"","meta":{"site-sidebar-layout":"default","site-content-layout":"","ast-site-content-layout":"default","site-content-style":"default","site-sidebar-style":"default","ast-global-header-display":"","ast-banner-title-visibility":"","ast-main-header-display":"","ast-hfb-above-header-display":"","ast-hfb-below-header-display":"","ast-hfb-mobile-header-display":"","site-post-title":"","ast-breadcrumbs-content":"","ast-featured-img":"","footer-sml-layout":"","ast-disable-related-posts":"","theme-transparent-header-meta":"","adv-header-id-meta":"","stick-header-meta":"","header-above-stick-meta":"","header-main-stick-meta":"","header-below-stick-meta":"","astra-migrate-meta-layouts":"default","ast-page-background-enabled":"default","ast-page-background-meta":{"desktop":{"background-color":"","background-image":"","background-repeat":"repeat","background-position":"center center","background-size":"auto","background-attachment":"scroll","background-type":"","background-media":"","overlay-type":"","overlay-color":"","overlay-opacity":"","overlay-gradient":""},"tablet":{"background-color":"","background-image":"","background-repeat":"repeat","background-position":"center center","background-size":"auto","background-attachment":"scroll","background-type":"","background-media":"","overlay-type":"","overlay-color":"","overlay-opacity":"","overlay-gradient":""},"mobile":{"background-color":"","background-image":"","background-repeat":"repeat","background-position":"center center","background-size":"auto","background-attachment":"scroll","background-type":"","background-media":"","overlay-type":"","overlay-color":"","overlay-opacity":"","overlay-gradient":""}},"ast-content-background-meta":{"desktop":{"background-color":"var(--ast-global-color-5)","background-image":"","background-repeat":"repeat","background-position":"center center","background-size":"auto","background-attachment":"scroll","background-type":"","background-media":"","overlay-type":"","overlay-color":"","overlay-opacity":"","overlay-gradient":""},"tablet":{"background-color":"var(--ast-global-color-5)","background-image":"","background-repeat":"repeat","background-position":"center center","background-size":"auto","background-attachment":"scroll","background-type":"","background-media":"","overlay-type":"","overlay-color":"","overlay-opacity":"","overlay-gradient":""},"mobile":{"background-color":"var(--ast-global-color-5)","background-image":"","background-repeat":"repeat","background-position":"center center","background-size":"auto","background-attachment":"scroll","background-type":"","background-media":"","overlay-type":"","overlay-color":"","overlay-opacity":"","overlay-gradient":""}},"footnotes":""},"class_list":["post-34","page","type-page","status-publish","hentry"],"_links":{"self":[{"href":"https:\/\/www.coresystemtrust.org.uk\/finnish\/wp-json\/wp\/v2\/pages\/34","targetHints":{"allow":["GET"]}}],"collection":[{"href":"https:\/\/www.coresystemtrust.org.uk\/finnish\/wp-json\/wp\/v2\/pages"}],"about":[{"href":"https:\/\/www.coresystemtrust.org.uk\/finnish\/wp-json\/wp\/v2\/types\/page"}],"author":[{"embeddable":true,"href":"https:\/\/www.coresystemtrust.org.uk\/finnish\/wp-json\/wp\/v2\/users\/35"}],"replies":[{"embeddable":true,"href":"https:\/\/www.coresystemtrust.org.uk\/finnish\/wp-json\/wp\/v2\/comments?post=34"}],"version-history":[{"count":10,"href":"https:\/\/www.coresystemtrust.org.uk\/finnish\/wp-json\/wp\/v2\/pages\/34\/revisions"}],"predecessor-version":[{"id":105,"href":"https:\/\/www.coresystemtrust.org.uk\/finnish\/wp-json\/wp\/v2\/pages\/34\/revisions\/105"}],"wp:attachment":[{"href":"https:\/\/www.coresystemtrust.org.uk\/finnish\/wp-json\/wp\/v2\/media?parent=34"}],"curies":[{"name":"wp","href":"https:\/\/api.w.org\/{rel}","templated":true}]}}