{"id":31,"date":"2022-01-13T09:16:54","date_gmt":"2022-01-13T09:16:54","guid":{"rendered":"https:\/\/www.coresystemtrust.org.uk\/finnish\/?page_id=31"},"modified":"2023-08-10T08:26:00","modified_gmt":"2023-08-10T08:26:00","slug":"julkaisut","status":"publish","type":"page","link":"https:\/\/www.coresystemtrust.org.uk\/finnish\/julkaisut\/","title":{"rendered":"Julkaisut"},"content":{"rendered":"\n<p><strong>Tieteelliset julkaisut koskien CORE-mittareiden suomenkielisten versioiden psykometrisi\u00e4 ominaisuuksia:<\/strong><\/p>\n\n\n\n<ul class=\"wp-block-list\">\n<li>Gergov V, Lahti J, Marttunen M, Lipsanen J, Evans C, Ranta K, Laitila A, Lindberg N. (2017). Psychometric properties of the Finnish version of the Young Person&#8217;s Clinical Outcomes in Routine Evaluation (YP-CORE) questionnaire. Nordic Journal of Psychiatry, 71(4), 250-255. DOI: <a href=\"https:\/\/doi.org\/10.1080\/08039488.2016.1270352\">10.1080\/08039488.2016.1270352<\/a><\/li>\n\n\n\n<li>Honkalampi K, Flink N, Sinikallio S, Seilo N, Karkkola P, Evans C. (2020). Suomenkielisen CORE-10-mittarin psykometriset ominaisuudet ja erottelukyky korkeakouluopiskelija-aineistossa.&nbsp;Psykologia,&nbsp;54(4), 274\u2013287. <\/li>\n\n\n\n<li>Honkalampi K, Laitila A, Juntunen H, Lehmus K, Piiparinen A, T\u00f6rm\u00e4nen I, Inkinen M, Evans&nbsp;C. (2017)&nbsp;The Finnish Clinical Outcome in Routine Evaluation Outcome Measure: psychometric exploration in clinical and non-clinical samples,&nbsp;Nordic Journal of Psychiatry,&nbsp;71:8,&nbsp;589-597.&nbsp;DOI:&nbsp;<a href=\"https:\/\/doi.org\/10.1080\/08039488.2017.1365378\">10.1080\/08039488.2017.1365378<\/a><\/li>\n\n\n\n<li>Juntunen H, Piiparinen A, Honkalampi K, Inkinen M, Laitila A. (2015). CORE-OM-mittarin suomalainen validointitutkimus yleisv\u00e4est\u00f6ss\u00e4. Psykologia, 50(4), 257-276.<\/li>\n\n\n\n<li>Lehmus K, T\u00f6rm\u00e4nen I. (2015). CORE-OM- mittarin suomalainen validointitutkimus: kliininen aineisto, Psykologian pro gradu -tutkielma. Kasvatustieteiden ja psykologian osasto, It\u00e4-Suomen yliopisto.<\/li>\n\n\n\n<li>Rosenstr\u00f6m T, Myll\u00e4ri S, Malkki V, &amp; Saarni S. (2022). Feasibility of generic, short, and easy-to-use assessment of psychological distress during psychotherapy: Longitudinal measurement invariance of CORE-10 and -OM. Psychotherapy research : journal of the Society for Psychotherapy Research, 1\u201310. Advance online publication. DOI: <a href=\"https:\/\/doi.org\/10.1080\/10503307.2022.2074807\">10.1080\/10503307.2022.2074807<\/a><\/li>\n<\/ul>\n\n\n\n<p> <strong>Tieteelliset julkaisut, joissa CORE-mittareiden suomenkielisi\u00e4 versioita on hy\u00f6dynnetty hoidon tuloksellisuuden seurannassa:<\/strong> <\/p>\n\n\n\n<ul class=\"wp-block-list\">\n<li>Gergov V, Kalska H, Marttunen M, Lipsanen J, Tainio V-M, Lindberg N. (2015). Subjective outcomes of psychotherapeutic interventions: a naturalistic follow-up study among Finnish adolescent psychiatric out-patients. Psychiatria Fennica, 46, 85-106.<\/li>\n\n\n\n<li>Gergov V, Lindberg N, Lahti J, Lipsanen, J, Marttunen M. (2021). Effectiveness and Predictors of Outcome for Psychotherapeutic Interventions in Clinical Settings Among Adolescents. Frontiers in Psychology, 12, 628977. DOI:&nbsp;<a target=\"_blank\" href=\"http:\/\/dx.doi.org\/10.3389\/fpsyg.2021.628977\" rel=\"noreferrer noopener\">10.3389\/fpsyg.2021.628977<\/a><\/li>\n\n\n\n<li>Gergov V, Marttunen M, Lindberg N, Lipsanen J, Lahti J. (2021). Therapeutic Alliance: A Comparison Study between Adolescent Patients and Their Therapists. International Journal of Environmental Research and Public Health, 18(21):11238. DOI:&nbsp;<a target=\"_blank\" rel=\"noreferrer noopener\" href=\"https:\/\/doi.org\/10.3390\/ijerph182111238\">10.3390\/ijerph182111238<\/a><\/li>\n\n\n\n<li>Kontunen J. (2020). Therapeutic Change in Interpersonal Counselling (IPC) for Depression A Mixed Methods Study of Primary Health Care Patients. Doctoral Dissertation. Faculty of Education and Psychology, University of Jyv\u00e4skyl\u00e4. DOI:&nbsp;<a target=\"_blank\" href=\"http:\/\/dx.doi.org\/10.13140\/RG.2.2.24863.18086\" rel=\"noreferrer noopener\">10.13140\/RG.2.2.24863.18086<\/a><\/li>\n\n\n\n<li>Kontunen J, Liukkonen T, Aaltonen J. (2019). Mechanisms of change in interpersonal counselling (IPC) for depression: A theory-building case study. Submitted manuscript.<\/li>\n\n\n\n<li>Kontunen J, Timonen M, Muotka J, Liukkonen T. (2016). Is interpersonal counselling (IPC) sufficient treatment for depression in primary care patients? A pilot study comparing IPC and interpersonal psychotherapy (IPT). Journal of Affective Disorders, 189, 89-93. DOI: <a href=\"10.1016\/j.jad.2015.09.032\">10.1016\/j.jad.2015.09.032<\/a>. <\/li>\n\n\n\n<li>Kontunen J, Weiste E, Liukkonen T, Timonen M, Aaltonen J. (2020). Predicting response to interpersonal counselling (IPC) from case formulation: A qualitative comparison between recovered and unchanged depressive cases. Counselling Psychology Quarterly, 33(4), 465-489. DOI: <a href=\"https:\/\/doi.org\/10.1080\/09515070.2019.1588101\" target=\"_blank\" rel=\"noreferrer noopener\">10.1080\/09515070.2019.1588101<\/a>. <\/li>\n\n\n\n<li>Parhiala P, Ranta K, Gergov V, Kontunen J, Law R, La Greca A.M, Torppa M, Marttunen M.&nbsp;(2020).&nbsp;Interpersonal Counseling in the Treatment of Adolescent Depression: A Randomized Controlled Effectiveness and Feasibility Study in School Health and Welfare Services.&nbsp;School Mental Health, 12(2), 265-283.&nbsp;DOI: <a href=\"https:\/\/doi.org\/10.1007\/s12310-019-09346-w\" target=\"_blank\" rel=\"noreferrer noopener\">10.1007\/s12310-019-09346-w<\/a><\/li>\n<\/ul>\n","protected":false},"excerpt":{"rendered":"<p>Tieteelliset julkaisut koskien CORE-mittareiden suomenkielisten versioiden psykometrisi\u00e4 ominaisuuksia: Tieteelliset julkaisut, joissa CORE-mittareiden suomenkielisi\u00e4 versioita on hy\u00f6dynnetty hoidon tuloksellisuuden seurannassa:<\/p>\n","protected":false},"author":35,"featured_media":0,"parent":0,"menu_order":0,"comment_status":"closed","ping_status":"closed","template":"","meta":{"site-sidebar-layout":"default","site-content-layout":"","ast-site-content-layout":"default","site-content-style":"default","site-sidebar-style":"default","ast-global-header-display":"","ast-banner-title-visibility":"","ast-main-header-display":"","ast-hfb-above-header-display":"","ast-hfb-below-header-display":"","ast-hfb-mobile-header-display":"","site-post-title":"","ast-breadcrumbs-content":"","ast-featured-img":"","footer-sml-layout":"","ast-disable-related-posts":"","theme-transparent-header-meta":"","adv-header-id-meta":"","stick-header-meta":"","header-above-stick-meta":"","header-main-stick-meta":"","header-below-stick-meta":"","astra-migrate-meta-layouts":"default","ast-page-background-enabled":"default","ast-page-background-meta":{"desktop":{"background-color":"","background-image":"","background-repeat":"repeat","background-position":"center center","background-size":"auto","background-attachment":"scroll","background-type":"","background-media":"","overlay-type":"","overlay-color":"","overlay-opacity":"","overlay-gradient":""},"tablet":{"background-color":"","background-image":"","background-repeat":"repeat","background-position":"center center","background-size":"auto","background-attachment":"scroll","background-type":"","background-media":"","overlay-type":"","overlay-color":"","overlay-opacity":"","overlay-gradient":""},"mobile":{"background-color":"","background-image":"","background-repeat":"repeat","background-position":"center center","background-size":"auto","background-attachment":"scroll","background-type":"","background-media":"","overlay-type":"","overlay-color":"","overlay-opacity":"","overlay-gradient":""}},"ast-content-background-meta":{"desktop":{"background-color":"var(--ast-global-color-5)","background-image":"","background-repeat":"repeat","background-position":"center center","background-size":"auto","background-attachment":"scroll","background-type":"","background-media":"","overlay-type":"","overlay-color":"","overlay-opacity":"","overlay-gradient":""},"tablet":{"background-color":"var(--ast-global-color-5)","background-image":"","background-repeat":"repeat","background-position":"center center","background-size":"auto","background-attachment":"scroll","background-type":"","background-media":"","overlay-type":"","overlay-color":"","overlay-opacity":"","overlay-gradient":""},"mobile":{"background-color":"var(--ast-global-color-5)","background-image":"","background-repeat":"repeat","background-position":"center center","background-size":"auto","background-attachment":"scroll","background-type":"","background-media":"","overlay-type":"","overlay-color":"","overlay-opacity":"","overlay-gradient":""}},"footnotes":""},"class_list":["post-31","page","type-page","status-publish","hentry"],"_links":{"self":[{"href":"https:\/\/www.coresystemtrust.org.uk\/finnish\/wp-json\/wp\/v2\/pages\/31","targetHints":{"allow":["GET"]}}],"collection":[{"href":"https:\/\/www.coresystemtrust.org.uk\/finnish\/wp-json\/wp\/v2\/pages"}],"about":[{"href":"https:\/\/www.coresystemtrust.org.uk\/finnish\/wp-json\/wp\/v2\/types\/page"}],"author":[{"embeddable":true,"href":"https:\/\/www.coresystemtrust.org.uk\/finnish\/wp-json\/wp\/v2\/users\/35"}],"replies":[{"embeddable":true,"href":"https:\/\/www.coresystemtrust.org.uk\/finnish\/wp-json\/wp\/v2\/comments?post=31"}],"version-history":[{"count":5,"href":"https:\/\/www.coresystemtrust.org.uk\/finnish\/wp-json\/wp\/v2\/pages\/31\/revisions"}],"predecessor-version":[{"id":134,"href":"https:\/\/www.coresystemtrust.org.uk\/finnish\/wp-json\/wp\/v2\/pages\/31\/revisions\/134"}],"wp:attachment":[{"href":"https:\/\/www.coresystemtrust.org.uk\/finnish\/wp-json\/wp\/v2\/media?parent=31"}],"curies":[{"name":"wp","href":"https:\/\/api.w.org\/{rel}","templated":true}]}}