{"id":2,"date":"2021-06-16T10:33:31","date_gmt":"2021-06-16T10:33:31","guid":{"rendered":"https:\/\/www.coresystemtrust.org.uk\/finnish\/?page_id=2"},"modified":"2022-06-28T08:55:42","modified_gmt":"2022-06-28T08:55:42","slug":"sample-page","status":"publish","type":"page","link":"https:\/\/www.coresystemtrust.org.uk\/finnish\/","title":{"rendered":"CORE (ja CORE System Trust, CST)"},"content":{"rendered":"\n<p>T\u00e4m\u00e4 sivusto on saatavilla my\u00f6s: <a href=\"https:\/\/www.coresystemtrust.org.uk\/\">englanniksi (in English),<\/a><a href=\"https:\/\/www.coresystemtrust.org.uk\/?lang=es\"> espanjaksi (Espa\u00f1ol), <\/a><a href=\"https:\/\/www.coresystemtrust.org.uk\/?lang=pt-br\">portugaliksi (Portugu\u00eas, Brazil) <\/a>ja <a href=\"https:\/\/www.coresystemtrust.org.uk\/?lang=fr\">ranskaksi (Fran\u00e7ais)<\/a>.<\/p>\n\n\n\n<p> <span style=\"font-size: 1rem;font-weight: inherit;color: var(--ast-global-color-3)\">Tervetuloa sivustolle!<\/span> CORE tarkoittaa \u201cClinical Outcomes in Routine Evaluation\u201d, ja CORE System Trust tarjoaa menetelmi\u00e4 ja ajatuksia tukeakseen hoidon aikana tapahtuvan muutoksen ja hoitotuloksen seuraamista psykoterapiassa, psykososiaalisissa interventioissa, tai miss\u00e4 tahansa muussa ty\u00f6ss\u00e4 jonka pyrkimys on edist\u00e4\u00e4 psyykkist\u00e4 toipumista, mielenterveytt\u00e4 ja hyvinvointia. CORE System Trust on yhdistys, joka omistaa kaikkien CORE-mittareiden k\u00e4ytt\u00f6oikeudet.<\/p>\n\n\n\n<p>T\u00e4m\u00e4 sivusto on CORE System Trustin alainen virallinen suomenkielinen verkkosivusto, josta l\u00f6ytyy tietoa CORE-mittareista ja kaikki suomenkieliset mittariversiot ovat my\u00f6s t\u00e4t\u00e4 kautta ladattavissa ei-kaupalliseen k\u00e4ytt\u00f6\u00f6n. Lis\u00e4ksi sivustolle ker\u00e4t\u00e4\u00e4n tieteellisi\u00e4 julkaisuja CORE-mittareiden suomenkielisiin versioihin liittyv\u00e4st\u00e4 tutkimuksesta, sek\u00e4 Suomessa toteutetuista interventiotutkimuksista, joissa CORE-mittareita on hy\u00f6dynnetty hoidon tuloksellisuuden seurannassa.<\/p>\n\n\n\n<p><strong>Mit\u00e4 haluaisit tiet\u00e4\u00e4 seuraavaksi?<\/strong><br><br>Voit etsi\u00e4 <a href=\"https:\/\/www.coresystemtrust.org.uk\/core-ja-cst-core-system-trust\/mittarit\/?lang=fi\" target=\"_blank\" rel=\"noreferrer noopener\">lis\u00e4tietoa CORE-mittareista<\/a>, <a href=\"https:\/\/www.coresystemtrust.org.uk\/finnish\/suomenkieliset-core-mittarit\/\" target=\"_blank\" rel=\"noreferrer noopener\">ladata suomenkielisi\u00e4 CORE mittareita<\/a>, lukea CORE- mittareiden suomenkielisi\u00e4 versioita koskevia <a href=\"https:\/\/www.coresystemtrust.org.uk\/finnish\/julkaisut\" target=\"_blank\" rel=\"noreferrer noopener\">tieteellisi\u00e4 julkaisuja<\/a>, tutustua tarkemmin <a href=\"https:\/\/www.coresystemtrust.org.uk\/home\/about-core-and-cst\/\" target=\"_blank\" rel=\"noreferrer noopener\">CST:hen sek\u00e4 mittareiden tekij\u00e4noikeuksiin ja lisensointiin <\/a>(mittareiden k\u00e4\u00e4nt\u00e4minen on luvanvaraista) tai etsi\u00e4 hakusanalla sivuston oikeasta yl\u00e4laidasta. <\/p>\n\n\n\n<p>Mik\u00e4li sinulla on kysymyksi\u00e4, tai huomaat ett\u00e4 sivustolle olisi hyv\u00e4 lis\u00e4t\u00e4 jotain, ota yhteytt\u00e4 Vera Gergoviin alla olevalla lomakkeella.<\/p>\n\n\n<div class=\"wpforms-container wpforms-container-full wpforms-block\" id=\"wpforms-50\"><form id=\"wpforms-form-50\" class=\"wpforms-validate wpforms-form wpforms-ajax-form\" data-formid=\"50\" method=\"post\" enctype=\"multipart\/form-data\" action=\"\/finnish\/wp-json\/wp\/v2\/pages\/2\" data-token=\"36e105147f023148c60a25226c60661f\"><noscript class=\"wpforms-error-noscript\">Please enable JavaScript in your browser to complete this form.<\/noscript><div class=\"wpforms-field-container\"><div id=\"wpforms-50-field_0-container\" class=\"wpforms-field wpforms-field-name\" data-field-id=\"0\"><label class=\"wpforms-field-label\" for=\"wpforms-50-field_0\">Nimi <span class=\"wpforms-required-label\">*<\/span><\/label><input type=\"text\" id=\"wpforms-50-field_0\" class=\"wpforms-field-medium wpforms-field-required\" name=\"wpforms[fields][0]\" required><\/div><div id=\"wpforms-50-field_1-container\" class=\"wpforms-field wpforms-field-email\" data-field-id=\"1\"><label class=\"wpforms-field-label\" for=\"wpforms-50-field_1\">S\u00e4hk\u00f6postiosoite <span class=\"wpforms-required-label\">*<\/span><\/label><input type=\"email\" id=\"wpforms-50-field_1\" class=\"wpforms-field-medium wpforms-field-required\" name=\"wpforms[fields][1]\" spellcheck=\"false\" required><\/div><div id=\"wpforms-50-field_2-container\" class=\"wpforms-field wpforms-field-textarea\" data-field-id=\"2\"><label class=\"wpforms-field-label\" for=\"wpforms-50-field_2\">Viesti <span class=\"wpforms-required-label\">*<\/span><\/label><textarea id=\"wpforms-50-field_2\" class=\"wpforms-field-medium wpforms-field-required\" name=\"wpforms[fields][2]\" required><\/textarea><\/div><\/div><!-- .wpforms-field-container --><div class=\"wpforms-submit-container\" ><input type=\"hidden\" name=\"wpforms[id]\" value=\"50\"><input type=\"hidden\" name=\"wpforms[author]\" value=\"35\"><button type=\"submit\" name=\"wpforms[submit]\" id=\"wpforms-submit-50\" class=\"wpforms-submit\" data-alt-text=\"Sending...\" data-submit-text=\"L\u00e4het\u00e4\" aria-live=\"assertive\" value=\"wpforms-submit\">L\u00e4het\u00e4<\/button><img loading=\"lazy\" decoding=\"async\" src=\"https:\/\/www.coresystemtrust.org.uk\/finnish\/wp-content\/plugins\/wpforms\/assets\/images\/submit-spin.svg\" class=\"wpforms-submit-spinner\" style=\"display: none;\" width=\"26\" height=\"26\" alt=\"Loading\"><\/div><\/form><\/div>  <!-- .wpforms-container -->","protected":false},"excerpt":{"rendered":"<p>T\u00e4m\u00e4 sivusto on saatavilla my\u00f6s: englanniksi (in English), espanjaksi (Espa\u00f1ol), portugaliksi (Portugu\u00eas, Brazil) ja ranskaksi (Fran\u00e7ais). Tervetuloa sivustolle! CORE tarkoittaa \u201cClinical Outcomes in Routine Evaluation\u201d, ja CORE System Trust tarjoaa menetelmi\u00e4 ja ajatuksia tukeakseen hoidon aikana tapahtuvan muutoksen ja hoitotuloksen seuraamista psykoterapiassa, psykososiaalisissa interventioissa, tai miss\u00e4 tahansa muussa ty\u00f6ss\u00e4 jonka pyrkimys on edist\u00e4\u00e4 psyykkist\u00e4 toipumista, [&hellip;]<\/p>\n","protected":false},"author":35,"featured_media":0,"parent":0,"menu_order":0,"comment_status":"closed","ping_status":"open","template":"","meta":{"site-sidebar-layout":"default","site-content-layout":"default","ast-site-content-layout":"default","site-content-style":"default","site-sidebar-style":"default","ast-global-header-display":"","ast-banner-title-visibility":"","ast-main-header-display":"","ast-hfb-above-header-display":"","ast-hfb-below-header-display":"","ast-hfb-mobile-header-display":"","site-post-title":"","ast-breadcrumbs-content":"","ast-featured-img":"","footer-sml-layout":"","ast-disable-related-posts":"","theme-transparent-header-meta":"default","adv-header-id-meta":"","stick-header-meta":"","header-above-stick-meta":"","header-main-stick-meta":"","header-below-stick-meta":"","astra-migrate-meta-layouts":"default","ast-page-background-enabled":"default","ast-page-background-meta":{"desktop":{"background-color":"","background-image":"","background-repeat":"repeat","background-position":"center center","background-size":"auto","background-attachment":"scroll","background-type":"","background-media":"","overlay-type":"","overlay-color":"","overlay-opacity":"","overlay-gradient":""},"tablet":{"background-color":"","background-image":"","background-repeat":"repeat","background-position":"center center","background-size":"auto","background-attachment":"scroll","background-type":"","background-media":"","overlay-type":"","overlay-color":"","overlay-opacity":"","overlay-gradient":""},"mobile":{"background-color":"","background-image":"","background-repeat":"repeat","background-position":"center center","background-size":"auto","background-attachment":"scroll","background-type":"","background-media":"","overlay-type":"","overlay-color":"","overlay-opacity":"","overlay-gradient":""}},"ast-content-background-meta":{"desktop":{"background-color":"var(--ast-global-color-5)","background-image":"","background-repeat":"repeat","background-position":"center center","background-size":"auto","background-attachment":"scroll","background-type":"","background-media":"","overlay-type":"","overlay-color":"","overlay-opacity":"","overlay-gradient":""},"tablet":{"background-color":"var(--ast-global-color-5)","background-image":"","background-repeat":"repeat","background-position":"center center","background-size":"auto","background-attachment":"scroll","background-type":"","background-media":"","overlay-type":"","overlay-color":"","overlay-opacity":"","overlay-gradient":""},"mobile":{"background-color":"var(--ast-global-color-5)","background-image":"","background-repeat":"repeat","background-position":"center center","background-size":"auto","background-attachment":"scroll","background-type":"","background-media":"","overlay-type":"","overlay-color":"","overlay-opacity":"","overlay-gradient":""}},"footnotes":""},"class_list":["post-2","page","type-page","status-publish","hentry"],"_links":{"self":[{"href":"https:\/\/www.coresystemtrust.org.uk\/finnish\/wp-json\/wp\/v2\/pages\/2","targetHints":{"allow":["GET"]}}],"collection":[{"href":"https:\/\/www.coresystemtrust.org.uk\/finnish\/wp-json\/wp\/v2\/pages"}],"about":[{"href":"https:\/\/www.coresystemtrust.org.uk\/finnish\/wp-json\/wp\/v2\/types\/page"}],"author":[{"embeddable":true,"href":"https:\/\/www.coresystemtrust.org.uk\/finnish\/wp-json\/wp\/v2\/users\/35"}],"replies":[{"embeddable":true,"href":"https:\/\/www.coresystemtrust.org.uk\/finnish\/wp-json\/wp\/v2\/comments?post=2"}],"version-history":[{"count":15,"href":"https:\/\/www.coresystemtrust.org.uk\/finnish\/wp-json\/wp\/v2\/pages\/2\/revisions"}],"predecessor-version":[{"id":122,"href":"https:\/\/www.coresystemtrust.org.uk\/finnish\/wp-json\/wp\/v2\/pages\/2\/revisions\/122"}],"wp:attachment":[{"href":"https:\/\/www.coresystemtrust.org.uk\/finnish\/wp-json\/wp\/v2\/media?parent=2"}],"curies":[{"name":"wp","href":"https:\/\/api.w.org\/{rel}","templated":true}]}}